{"id":372,"date":"2021-09-28T17:19:22","date_gmt":"2021-09-28T14:19:22","guid":{"rendered":"http:\/\/www.orgatech.com.tr\/?page_id=372"},"modified":"2024-08-08T13:44:15","modified_gmt":"2024-08-08T10:44:15","slug":"belgelerimiz","status":"publish","type":"page","link":"https:\/\/www.orgatech.com.tr\/ar\/?page_id=372","title":{"rendered":"\u0648\u062b\u0627\u0626\u0642\u0646\u0627"},"content":{"rendered":"\n<figure class=\"wp-block-gallery columns-4 is-cropped\"><ul class=\"blocks-gallery-grid\"><li class=\"blocks-gallery-item\"><figure><a href=\"http:\/\/www.orgatech.com.tr\/wp-content\/uploads\/2021\/10\/Orgatech-Ec-Lisans-Belgesi-1-scaled.jpg\"><img loading=\"lazy\" width=\"150\" height=\"150\" src=\"http:\/\/www.orgatech.com.tr\/wp-content\/uploads\/2021\/10\/Orgatech-Ec-Lisans-Belgesi-1-150x150.jpg\" alt=\"Orgatech Ec Lisans Belgesi\" data-id=\"444\" data-full-url=\"http:\/\/www.orgatech.com.tr\/wp-content\/uploads\/2021\/10\/Orgatech-Ec-Lisans-Belgesi-1-scaled.jpg\" data-link=\"http:\/\/www.orgatech.com.tr\/?attachment_id=444\" class=\"wp-image-444\"\/><\/a><figcaption class=\"blocks-gallery-item__caption\">Orgatech Ec Lisans Belgesi<\/figcaption><\/figure><\/li><li class=\"blocks-gallery-item\"><figure><a href=\"http:\/\/www.orgatech.com.tr\/wp-content\/uploads\/2021\/10\/Orgatech-Ec-Tescil-Belgesi-10.11.2020-RAZIVERA-7-10-5-scaled.jpg\"><img loading=\"lazy\" width=\"150\" height=\"150\" src=\"http:\/\/www.orgatech.com.tr\/wp-content\/uploads\/2021\/10\/Orgatech-Ec-Tescil-Belgesi-10.11.2020-RAZIVERA-7-10-5-150x150.jpg\" alt=\"Orgatech Ec Tescil Belgesi (10.11.2020) RAZ\u0130VERA 7-10-5\" data-id=\"445\" data-full-url=\"http:\/\/www.orgatech.com.tr\/wp-content\/uploads\/2021\/10\/Orgatech-Ec-Tescil-Belgesi-10.11.2020-RAZIVERA-7-10-5-scaled.jpg\" data-link=\"http:\/\/www.orgatech.com.tr\/?attachment_id=445\" class=\"wp-image-445\"\/><\/a><figcaption class=\"blocks-gallery-item__caption\">Orgatech Ec Tescil Belgesi (10.11.2020) RAZ\u0130VERA 7-10-5<\/figcaption><\/figure><\/li><li class=\"blocks-gallery-item\"><figure><a href=\"http:\/\/www.orgatech.com.tr\/wp-content\/uploads\/2021\/10\/Orgatech-Ec-Tescil-Belgesi-25.10.2020Fulpotanit-11-0-7--scaled.jpg\"><img loading=\"lazy\" width=\"150\" height=\"150\" src=\"http:\/\/www.orgatech.com.tr\/wp-content\/uploads\/2021\/10\/Orgatech-Ec-Tescil-Belgesi-25.10.2020Fulpotanit-11-0-7--150x150.jpg\" alt=\"Orgatech Ec Tescil Belgesi (25.10.2020)Fulpotanit 11-0-7\" data-id=\"446\" data-full-url=\"http:\/\/www.orgatech.com.tr\/wp-content\/uploads\/2021\/10\/Orgatech-Ec-Tescil-Belgesi-25.10.2020Fulpotanit-11-0-7--scaled.jpg\" data-link=\"http:\/\/www.orgatech.com.tr\/?attachment_id=446\" class=\"wp-image-446\"\/><\/a><figcaption class=\"blocks-gallery-item__caption\">Orgatech Ec Tescil Belgesi (25.10.2020)Fulpotanit 11-0-7 <\/figcaption><\/figure><\/li><li class=\"blocks-gallery-item\"><figure><a href=\"http:\/\/www.orgatech.com.tr\/wp-content\/uploads\/2021\/10\/Orgatech-Ec-Tescil-Belgesi-25.10.2020Nitrophos-5-20-0-scaled.jpg\"><img loading=\"lazy\" width=\"150\" height=\"150\" src=\"http:\/\/www.orgatech.com.tr\/wp-content\/uploads\/2021\/10\/Orgatech-Ec-Tescil-Belgesi-25.10.2020Nitrophos-5-20-0-150x150.jpg\" alt=\"Orgatech Ec Tescil Belgesi (25.10.2020)Nitrophos 5-20-0\" data-id=\"447\" data-full-url=\"http:\/\/www.orgatech.com.tr\/wp-content\/uploads\/2021\/10\/Orgatech-Ec-Tescil-Belgesi-25.10.2020Nitrophos-5-20-0-scaled.jpg\" data-link=\"http:\/\/www.orgatech.com.tr\/?attachment_id=447\" class=\"wp-image-447\"\/><\/a><figcaption class=\"blocks-gallery-item__caption\">Orgatech Ec Tescil Belgesi (25.10.2020)Nitrophos 5-20-0<\/figcaption><\/figure><\/li><li class=\"blocks-gallery-item\"><figure><a href=\"http:\/\/www.orgatech.com.tr\/wp-content\/uploads\/2021\/10\/Orgatech-Ec-Tescil-Belgesi-25.10.2020Pistagold-12-8-8-scaled.jpg\"><img loading=\"lazy\" width=\"150\" height=\"150\" src=\"http:\/\/www.orgatech.com.tr\/wp-content\/uploads\/2021\/10\/Orgatech-Ec-Tescil-Belgesi-25.10.2020Pistagold-12-8-8-150x150.jpg\" alt=\"Orgatech Ec Tescil Belgesi (25.10.2020)Pistagold 12-8-8\" data-id=\"448\" data-full-url=\"http:\/\/www.orgatech.com.tr\/wp-content\/uploads\/2021\/10\/Orgatech-Ec-Tescil-Belgesi-25.10.2020Pistagold-12-8-8-scaled.jpg\" data-link=\"http:\/\/www.orgatech.com.tr\/?attachment_id=448\" class=\"wp-image-448\"\/><\/a><figcaption class=\"blocks-gallery-item__caption\">Orgatech Ec Tescil Belgesi (25.10.2020)Pistagold 12-8-8<\/figcaption><\/figure><\/li><li class=\"blocks-gallery-item\"><figure><a href=\"http:\/\/www.orgatech.com.tr\/wp-content\/uploads\/2021\/10\/Orgatech-X3-Ec-Tescil-Belgesi-03.12.2020Nitrojen--scaled.jpg\"><img loading=\"lazy\" width=\"150\" height=\"150\" src=\"http:\/\/www.orgatech.com.tr\/wp-content\/uploads\/2021\/10\/Orgatech-X3-Ec-Tescil-Belgesi-03.12.2020Nitrojen--150x150.jpg\" alt=\"Orgatech X3 Ec Tescil Belgesi (03.12.2020)Nitrojen\" data-id=\"449\" data-full-url=\"http:\/\/www.orgatech.com.tr\/wp-content\/uploads\/2021\/10\/Orgatech-X3-Ec-Tescil-Belgesi-03.12.2020Nitrojen--scaled.jpg\" data-link=\"http:\/\/www.orgatech.com.tr\/?attachment_id=449\" class=\"wp-image-449\"\/><\/a><figcaption class=\"blocks-gallery-item__caption\">Orgatech X3 Ec Tescil Belgesi (03.12.2020)Nitrojen <\/figcaption><\/figure><\/li><li class=\"blocks-gallery-item\"><figure><a href=\"http:\/\/www.orgatech.com.tr\/wp-content\/uploads\/2021\/10\/Orgatech-X3-Ec-Tescil-Belgesi-03.12.2020Nitroplus--scaled.jpg\"><img loading=\"lazy\" width=\"150\" height=\"150\" src=\"http:\/\/www.orgatech.com.tr\/wp-content\/uploads\/2021\/10\/Orgatech-X3-Ec-Tescil-Belgesi-03.12.2020Nitroplus--150x150.jpg\" alt=\"Orgatech X3 Ec Tescil Belgesi (03.12.2020)Nitroplus\" data-id=\"450\" data-full-url=\"http:\/\/www.orgatech.com.tr\/wp-content\/uploads\/2021\/10\/Orgatech-X3-Ec-Tescil-Belgesi-03.12.2020Nitroplus--scaled.jpg\" data-link=\"http:\/\/www.orgatech.com.tr\/?attachment_id=450\" class=\"wp-image-450\"\/><\/a><figcaption class=\"blocks-gallery-item__caption\">Orgatech X3 Ec Tescil Belgesi (03.12.2020)Nitroplus <\/figcaption><\/figure><\/li><li class=\"blocks-gallery-item\"><figure><a href=\"http:\/\/www.orgatech.com.tr\/wp-content\/uploads\/2021\/10\/Orgatech-X3-Ec-Tescil-Belgesi-03.12.2020Pistaphos-9-15-0Me-scaled.jpg\"><img loading=\"lazy\" width=\"150\" height=\"150\" src=\"http:\/\/www.orgatech.com.tr\/wp-content\/uploads\/2021\/10\/Orgatech-X3-Ec-Tescil-Belgesi-03.12.2020Pistaphos-9-15-0Me-150x150.jpg\" alt=\"Orgatech X3 Ec Tescil Belgesi (03.12.2020)Pistaphos 9-15-0+Me\" data-id=\"451\" data-full-url=\"http:\/\/www.orgatech.com.tr\/wp-content\/uploads\/2021\/10\/Orgatech-X3-Ec-Tescil-Belgesi-03.12.2020Pistaphos-9-15-0Me-scaled.jpg\" data-link=\"http:\/\/www.orgatech.com.tr\/?attachment_id=451\" class=\"wp-image-451\"\/><\/a><figcaption class=\"blocks-gallery-item__caption\">Orgatech X3 Ec Tescil Belgesi (03.12.2020)Pistaphos 9-15-0+Me<\/figcaption><\/figure><\/li><li class=\"blocks-gallery-item\"><figure><a href=\"http:\/\/www.orgatech.com.tr\/wp-content\/uploads\/2021\/10\/SERTIFIKA-scaled.jpg\"><img loading=\"lazy\" width=\"150\" height=\"150\" src=\"http:\/\/www.orgatech.com.tr\/wp-content\/uploads\/2021\/10\/SERTIFIKA-150x150.jpg\" alt=\"T\u00dcV AUSTRIA SERT\u0130F\u0130KA\" data-id=\"452\" data-full-url=\"http:\/\/www.orgatech.com.tr\/wp-content\/uploads\/2021\/10\/SERTIFIKA-scaled.jpg\" data-link=\"http:\/\/www.orgatech.com.tr\/?attachment_id=452\" class=\"wp-image-452\"\/><\/a><figcaption class=\"blocks-gallery-item__caption\">T\u00dcV AUSTRIA SERT\u0130F\u0130KA<\/figcaption><\/figure><\/li><li class=\"blocks-gallery-item\"><figure><a href=\"http:\/\/www.orgatech.com.tr\/wp-content\/uploads\/2021\/10\/Orgatech-X-1-Ec-Tescil-Belgesi-Duzeltme-21-scaled.jpg\"><img loading=\"lazy\" width=\"150\" height=\"150\" src=\"http:\/\/www.orgatech.com.tr\/wp-content\/uploads\/2021\/10\/Orgatech-X-1-Ec-Tescil-Belgesi-Duzeltme-21-150x150.jpg\" alt=\"Orgatech X 1 Ec Tescil Belgesi D\u00fczeltme (21.09.2021) FOSFOR\u0130UM 9-20-0+5 SO3 + ME\" data-id=\"491\" data-full-url=\"http:\/\/www.orgatech.com.tr\/wp-content\/uploads\/2021\/10\/Orgatech-X-1-Ec-Tescil-Belgesi-Duzeltme-21-scaled.jpg\" data-link=\"http:\/\/www.orgatech.com.tr\/?attachment_id=491\" class=\"wp-image-491\"\/><\/a><figcaption class=\"blocks-gallery-item__caption\">Orgatech X 1 Ec Tescil Belgesi D\u00fczeltme (21.09.2021) FOSFOR\u0130UM 9-20-0+5 SO3 + ME<\/figcaption><\/figure><\/li><li class=\"blocks-gallery-item\"><figure><a href=\"http:\/\/www.orgatech.com.tr\/wp-content\/uploads\/2021\/10\/Orgatech-X-1-Ec-Tescil-Belgesi-23-scaled.jpg\"><img loading=\"lazy\" width=\"150\" height=\"150\" src=\"http:\/\/www.orgatech.com.tr\/wp-content\/uploads\/2021\/10\/Orgatech-X-1-Ec-Tescil-Belgesi-23-150x150.jpg\" alt=\"Orgatech X 1 Ec Tescil Belgesi (23.09.2021) FERROTECH\" data-id=\"490\" data-full-url=\"http:\/\/www.orgatech.com.tr\/wp-content\/uploads\/2021\/10\/Orgatech-X-1-Ec-Tescil-Belgesi-23-scaled.jpg\" data-link=\"http:\/\/www.orgatech.com.tr\/?attachment_id=490\" class=\"wp-image-490\"\/><\/a><figcaption class=\"blocks-gallery-item__caption\">Orgatech X 1 Ec Tescil Belgesi (23.09.2021) FERROTECH<\/figcaption><\/figure><\/li><li class=\"blocks-gallery-item\"><figure><a href=\"http:\/\/www.orgatech.com.tr\/wp-content\/uploads\/2021\/10\/Guvenlik-Bilgi-Formu-Razivera-7-10-5-1-scaled.jpg\"><img loading=\"lazy\" width=\"150\" height=\"150\" src=\"http:\/\/www.orgatech.com.tr\/wp-content\/uploads\/2021\/10\/Guvenlik-Bilgi-Formu-Razivera-7-10-5-1-150x150.jpg\" alt=\"G\u00fcvenlik Bilgi Formu Razivera 7-10-5\" data-id=\"489\" data-full-url=\"http:\/\/www.orgatech.com.tr\/wp-content\/uploads\/2021\/10\/Guvenlik-Bilgi-Formu-Razivera-7-10-5-1-scaled.jpg\" data-link=\"http:\/\/www.orgatech.com.tr\/?attachment_id=489\" class=\"wp-image-489\"\/><\/a><figcaption class=\"blocks-gallery-item__caption\">G\u00fcvenlik Bilgi Formu Razivera 7-10-5<\/figcaption><\/figure><\/li><li class=\"blocks-gallery-item\"><figure><a href=\"http:\/\/www.orgatech.com.tr\/wp-content\/uploads\/2021\/10\/Guvenlik-Bilgi-Formu-Pistaphos-1-scaled.jpg\"><img loading=\"lazy\" width=\"150\" height=\"150\" src=\"http:\/\/www.orgatech.com.tr\/wp-content\/uploads\/2021\/10\/Guvenlik-Bilgi-Formu-Pistaphos-1-150x150.jpg\" alt=\"G\u00fcvenlik Bilgi Formu Pistaphos\" data-id=\"488\" data-full-url=\"http:\/\/www.orgatech.com.tr\/wp-content\/uploads\/2021\/10\/Guvenlik-Bilgi-Formu-Pistaphos-1-scaled.jpg\" data-link=\"http:\/\/www.orgatech.com.tr\/?attachment_id=488\" class=\"wp-image-488\"\/><\/a><figcaption class=\"blocks-gallery-item__caption\">G\u00fcvenlik Bilgi Formu Pistaphos<\/figcaption><\/figure><\/li><li class=\"blocks-gallery-item\"><figure><a href=\"http:\/\/www.orgatech.com.tr\/wp-content\/uploads\/2021\/10\/Guvenlik-Bilgi-Formu-Pistagold-12-8-8-1-scaled.jpg\"><img loading=\"lazy\" width=\"150\" height=\"150\" src=\"http:\/\/www.orgatech.com.tr\/wp-content\/uploads\/2021\/10\/Guvenlik-Bilgi-Formu-Pistagold-12-8-8-1-150x150.jpg\" alt=\"G\u00fcvenlik Bilgi Formu Pistagold 12-8-8\" data-id=\"487\" data-full-url=\"http:\/\/www.orgatech.com.tr\/wp-content\/uploads\/2021\/10\/Guvenlik-Bilgi-Formu-Pistagold-12-8-8-1-scaled.jpg\" data-link=\"http:\/\/www.orgatech.com.tr\/?attachment_id=487\" class=\"wp-image-487\"\/><\/a><figcaption class=\"blocks-gallery-item__caption\">G\u00fcvenlik Bilgi Formu Pistagold 12-8-8<\/figcaption><\/figure><\/li><li class=\"blocks-gallery-item\"><figure><a href=\"http:\/\/www.orgatech.com.tr\/wp-content\/uploads\/2021\/10\/Guvenlik-Bilgi-Formu-Nitroplus-1-scaled.jpg\"><img loading=\"lazy\" width=\"150\" height=\"150\" src=\"http:\/\/www.orgatech.com.tr\/wp-content\/uploads\/2021\/10\/Guvenlik-Bilgi-Formu-Nitroplus-1-150x150.jpg\" alt=\"G\u00fcvenlik Bilgi Formu Nitroplus\" data-id=\"486\" data-full-url=\"http:\/\/www.orgatech.com.tr\/wp-content\/uploads\/2021\/10\/Guvenlik-Bilgi-Formu-Nitroplus-1-scaled.jpg\" data-link=\"http:\/\/www.orgatech.com.tr\/?attachment_id=486\" class=\"wp-image-486\"\/><\/a><figcaption class=\"blocks-gallery-item__caption\">G\u00fcvenlik Bilgi Formu Nitroplus<\/figcaption><\/figure><\/li><li class=\"blocks-gallery-item\"><figure><a href=\"http:\/\/www.orgatech.com.tr\/wp-content\/uploads\/2021\/10\/Guvenlik-Bilgi-Formu-Nitrophos-1-scaled.jpg\"><img loading=\"lazy\" width=\"150\" height=\"150\" src=\"http:\/\/www.orgatech.com.tr\/wp-content\/uploads\/2021\/10\/Guvenlik-Bilgi-Formu-Nitrophos-1-150x150.jpg\" alt=\"G\u00fcvenlik Bilgi Formu Nitrophos\" data-id=\"485\" data-full-url=\"http:\/\/www.orgatech.com.tr\/wp-content\/uploads\/2021\/10\/Guvenlik-Bilgi-Formu-Nitrophos-1-scaled.jpg\" data-link=\"http:\/\/www.orgatech.com.tr\/?attachment_id=485\" class=\"wp-image-485\"\/><\/a><figcaption class=\"blocks-gallery-item__caption\">G\u00fcvenlik Bilgi Formu Nitrophos<\/figcaption><\/figure><\/li><li class=\"blocks-gallery-item\"><figure><a href=\"http:\/\/www.orgatech.com.tr\/wp-content\/uploads\/2021\/10\/Guvenlik-Bilgi-Formu-Nitrojen-1-scaled.jpg\"><img loading=\"lazy\" width=\"150\" height=\"150\" src=\"http:\/\/www.orgatech.com.tr\/wp-content\/uploads\/2021\/10\/Guvenlik-Bilgi-Formu-Nitrojen-1-150x150.jpg\" alt=\"G\u00fcvenlik Bilgi Formu Nitrojen\" data-id=\"484\" data-full-url=\"http:\/\/www.orgatech.com.tr\/wp-content\/uploads\/2021\/10\/Guvenlik-Bilgi-Formu-Nitrojen-1-scaled.jpg\" data-link=\"http:\/\/www.orgatech.com.tr\/?attachment_id=484\" class=\"wp-image-484\"\/><\/a><figcaption class=\"blocks-gallery-item__caption\">G\u00fcvenlik Bilgi Formu Nitrojen<\/figcaption><\/figure><\/li><li class=\"blocks-gallery-item\"><figure><a href=\"http:\/\/www.orgatech.com.tr\/wp-content\/uploads\/2021\/10\/Guvenlik-Bilgi-Formu-Fulpotanit-1-scaled.jpg\"><img loading=\"lazy\" width=\"150\" height=\"150\" src=\"http:\/\/www.orgatech.com.tr\/wp-content\/uploads\/2021\/10\/Guvenlik-Bilgi-Formu-Fulpotanit-1-150x150.jpg\" alt=\"G\u00fcvenlik Bilgi Formu Fulpotanit\" data-id=\"482\" data-full-url=\"http:\/\/www.orgatech.com.tr\/wp-content\/uploads\/2021\/10\/Guvenlik-Bilgi-Formu-Fulpotanit-1-scaled.jpg\" data-link=\"http:\/\/www.orgatech.com.tr\/?attachment_id=482\" class=\"wp-image-482\"\/><\/a><figcaption class=\"blocks-gallery-item__caption\">G\u00fcvenlik Bilgi Formu Fulpotanit<\/figcaption><\/figure><\/li><li class=\"blocks-gallery-item\"><figure><a href=\"http:\/\/www.orgatech.com.tr\/wp-content\/uploads\/2021\/10\/Guvenlik-Bilgi-Formu-Fosforium-9-20-0-1-scaled.jpg\"><img loading=\"lazy\" width=\"150\" height=\"150\" src=\"http:\/\/www.orgatech.com.tr\/wp-content\/uploads\/2021\/10\/Guvenlik-Bilgi-Formu-Fosforium-9-20-0-1-150x150.jpg\" alt=\"G\u00fcvenlik Bilgi Formu Fosforium 9-20-0\" data-id=\"481\" data-full-url=\"http:\/\/www.orgatech.com.tr\/wp-content\/uploads\/2021\/10\/Guvenlik-Bilgi-Formu-Fosforium-9-20-0-1-scaled.jpg\" data-link=\"http:\/\/www.orgatech.com.tr\/?attachment_id=481\" class=\"wp-image-481\"\/><\/a><figcaption class=\"blocks-gallery-item__caption\">G\u00fcvenlik Bilgi Formu Fosforium 9-20-0<\/figcaption><\/figure><\/li><\/ul><\/figure>\n","protected":false},"excerpt":{"rendered":"","protected":false},"author":1,"featured_media":0,"parent":0,"menu_order":0,"comment_status":"closed","ping_status":"closed","template":"","meta":[],"_links":{"self":[{"href":"https:\/\/www.orgatech.com.tr\/ar\/index.php?rest_route=\/wp\/v2\/pages\/372"}],"collection":[{"href":"https:\/\/www.orgatech.com.tr\/ar\/index.php?rest_route=\/wp\/v2\/pages"}],"about":[{"href":"https:\/\/www.orgatech.com.tr\/ar\/index.php?rest_route=\/wp\/v2\/types\/page"}],"author":[{"embeddable":true,"href":"https:\/\/www.orgatech.com.tr\/ar\/index.php?rest_route=\/wp\/v2\/users\/1"}],"replies":[{"embeddable":true,"href":"https:\/\/www.orgatech.com.tr\/ar\/index.php?rest_route=%2Fwp%2Fv2%2Fcomments&post=372"}],"version-history":[{"count":15,"href":"https:\/\/www.orgatech.com.tr\/ar\/index.php?rest_route=\/wp\/v2\/pages\/372\/revisions"}],"predecessor-version":[{"id":745,"href":"https:\/\/www.orgatech.com.tr\/ar\/index.php?rest_route=\/wp\/v2\/pages\/372\/revisions\/745"}],"wp:attachment":[{"href":"https:\/\/www.orgatech.com.tr\/ar\/index.php?rest_route=%2Fwp%2Fv2%2Fmedia&parent=372"}],"curies":[{"name":"wp","href":"https:\/\/api.w.org\/{rel}","templated":true}]}}